{"id":234,"date":"2025-03-14T10:25:00","date_gmt":"2025-03-14T10:25:00","guid":{"rendered":"https:\/\/estalagemaquinta.com\/?page_id=234"},"modified":"2025-03-14T16:23:21","modified_gmt":"2025-03-14T16:23:21","slug":"casa-cristina","status":"publish","type":"page","link":"https:\/\/estalagemaquinta.com\/index.php\/casa-cristina\/","title":{"rendered":"Casa Cristina"},"content":{"rendered":"\t\t<div data-elementor-type=\"wp-page\" data-elementor-id=\"234\" class=\"elementor elementor-234\">\n\t\t\t\t<div class=\"elementor-element elementor-element-cddb7a6 e-flex e-con-boxed e-con e-parent\" data-id=\"cddb7a6\" data-element_type=\"container\">\n\t\t\t\t\t<div class=\"e-con-inner\">\n\t\t\t\t<div class=\"elementor-element elementor-element-6d877ef elementor-widget elementor-widget-text-editor\" data-id=\"6d877ef\" data-element_type=\"widget\" data-widget_type=\"text-editor.default\">\n\t\t\t\t<div class=\"elementor-widget-container\">\n\t\t\t\t\t\t\t\t\t<p><span class=\"relative -mx-px my-[-0.2rem] rounded px-px py-[0.2rem]\">Localizada em Junqueira, na regi\u00e3o da Ilha da Madeira, a Casa Cristina apresenta uma varanda e ar condicionado.<\/span> <span class=\"relative -mx-px my-[-0.2rem] rounded px-px py-[0.2rem]\">Esta casa de f\u00e9rias est\u00e1 a 18 km das Casas T\u00edpicas de Santana e a 24 km da Marina do Funchal, oferecendo uma base confort\u00e1vel para explorar a ilha.<\/span><br \/><br \/>Unidade tur\u00edstica em espa\u00e7o rural, simplicidade e conforto entre o antigo e o moderno, qualidade privilegiada pela sua proximidade da vila, lugar tranquilo e inesquec\u00edvel, ideal para descobrir os encantos da ilha, passeios a p\u00e9 pelas levadas, serras e perto do <a href=\"https:\/\/santodaserragolf.com\/\">Campo de Golf<\/a>.<\/p><p>\u00a0<\/p><p>2 quartos dormir, sala TV, cozinha, WC, Qt. jantar,\u00a0<\/p><p>churrasco, jardim e estacionamento.<\/p>\t\t\t\t\t\t\t\t<\/div>\n\t\t\t\t<\/div>\n\t\t\t\t\t<\/div>\n\t\t\t\t<\/div>\n\t\t<div class=\"elementor-element elementor-element-d7707b4 e-flex e-con-boxed e-con e-parent\" data-id=\"d7707b4\" data-element_type=\"container\">\n\t\t\t\t\t<div class=\"e-con-inner\">\n\t\t\t\t<div class=\"elementor-element elementor-element-daf9e02 elementor-widget elementor-widget-image-carousel\" data-id=\"daf9e02\" data-element_type=\"widget\" data-settings=\"{&quot;navigation&quot;:&quot;none&quot;,&quot;lazyload&quot;:&quot;yes&quot;,&quot;autoplay_speed&quot;:500,&quot;autoplay&quot;:&quot;yes&quot;,&quot;infinite&quot;:&quot;yes&quot;,&quot;speed&quot;:500}\" data-widget_type=\"image-carousel.default\">\n\t\t\t\t<div class=\"elementor-widget-container\">\n\t\t\t\t\t\t\t<div class=\"elementor-image-carousel-wrapper swiper\" role=\"region\" aria-roledescription=\"carousel\" aria-label=\"Carrossel de imagens\" dir=\"ltr\">\n\t\t\t<div class=\"elementor-image-carousel swiper-wrapper\" aria-live=\"off\">\n\t\t\t\t\t\t\t\t<div class=\"swiper-slide\" role=\"group\" aria-roledescription=\"slide\" aria-label=\"1 of 17\"><figure class=\"swiper-slide-inner\"><img class=\"swiper-slide-image swiper-lazy\" data-src=\"https:\/\/estalagemaquinta.com\/wp-content\/uploads\/2025\/03\/MG_9307-300x200.jpg\" alt=\"_MG_9307\" \/><div class=\"swiper-lazy-preloader\"><\/div><\/figure><\/div><div class=\"swiper-slide\" role=\"group\" aria-roledescription=\"slide\" aria-label=\"2 of 17\"><figure class=\"swiper-slide-inner\"><img class=\"swiper-slide-image swiper-lazy\" data-src=\"https:\/\/estalagemaquinta.com\/wp-content\/uploads\/2025\/03\/MG_9325-300x184.jpg\" alt=\"_MG_9325\" \/><div class=\"swiper-lazy-preloader\"><\/div><\/figure><\/div><div class=\"swiper-slide\" role=\"group\" aria-roledescription=\"slide\" aria-label=\"3 of 17\"><figure class=\"swiper-slide-inner\"><img class=\"swiper-slide-image swiper-lazy\" data-src=\"https:\/\/estalagemaquinta.com\/wp-content\/uploads\/2025\/03\/MG_93371-300x197.jpg\" alt=\"_MG_93371\" \/><div class=\"swiper-lazy-preloader\"><\/div><\/figure><\/div><div class=\"swiper-slide\" role=\"group\" aria-roledescription=\"slide\" aria-label=\"4 of 17\"><figure class=\"swiper-slide-inner\"><img class=\"swiper-slide-image swiper-lazy\" data-src=\"https:\/\/estalagemaquinta.com\/wp-content\/uploads\/2025\/03\/MG_93512-200x300.jpg\" alt=\"_MG_93512\" \/><div class=\"swiper-lazy-preloader\"><\/div><\/figure><\/div><div class=\"swiper-slide\" role=\"group\" aria-roledescription=\"slide\" aria-label=\"5 of 17\"><figure class=\"swiper-slide-inner\"><img class=\"swiper-slide-image swiper-lazy\" data-src=\"https:\/\/estalagemaquinta.com\/wp-content\/uploads\/2025\/03\/MG_93531-300x195.jpg\" alt=\"_MG_93531\" \/><div class=\"swiper-lazy-preloader\"><\/div><\/figure><\/div><div class=\"swiper-slide\" role=\"group\" aria-roledescription=\"slide\" aria-label=\"6 of 17\"><figure class=\"swiper-slide-inner\"><img class=\"swiper-slide-image swiper-lazy\" data-src=\"https:\/\/estalagemaquinta.com\/wp-content\/uploads\/2025\/03\/MG_93631-212x300.jpg\" alt=\"_MG_93631\" \/><div class=\"swiper-lazy-preloader\"><\/div><\/figure><\/div><div class=\"swiper-slide\" role=\"group\" aria-roledescription=\"slide\" aria-label=\"7 of 17\"><figure class=\"swiper-slide-inner\"><img class=\"swiper-slide-image swiper-lazy\" data-src=\"https:\/\/estalagemaquinta.com\/wp-content\/uploads\/2025\/03\/MG_94371-e1741964010748-300x225.jpg\" alt=\"_MG_94371\" \/><div class=\"swiper-lazy-preloader\"><\/div><\/figure><\/div><div class=\"swiper-slide\" role=\"group\" aria-roledescription=\"slide\" aria-label=\"8 of 17\"><figure class=\"swiper-slide-inner\"><img class=\"swiper-slide-image swiper-lazy\" data-src=\"https:\/\/estalagemaquinta.com\/wp-content\/uploads\/2025\/03\/30960_4266495418702_497653325_n-300x225.jpg\" alt=\"30960_4266495418702_497653325_n\" \/><div class=\"swiper-lazy-preloader\"><\/div><\/figure><\/div><div class=\"swiper-slide\" role=\"group\" aria-roledescription=\"slide\" aria-label=\"9 of 17\"><figure class=\"swiper-slide-inner\"><img class=\"swiper-slide-image swiper-lazy\" data-src=\"https:\/\/estalagemaquinta.com\/wp-content\/uploads\/2025\/03\/551479_10200198044771906_936280444_n-300x225.jpg\" alt=\"551479_10200198044771906_936280444_n\" \/><div class=\"swiper-lazy-preloader\"><\/div><\/figure><\/div><div class=\"swiper-slide\" role=\"group\" aria-roledescription=\"slide\" aria-label=\"10 of 17\"><figure class=\"swiper-slide-inner\"><img class=\"swiper-slide-image swiper-lazy\" data-src=\"https:\/\/estalagemaquinta.com\/wp-content\/uploads\/2025\/03\/acesso_da_rua_a_casa_cristina1-300x187.jpg\" alt=\"acesso_da_rua_a_casa_cristina1\" \/><div class=\"swiper-lazy-preloader\"><\/div><\/figure><\/div><div class=\"swiper-slide\" role=\"group\" aria-roledescription=\"slide\" aria-label=\"11 of 17\"><figure class=\"swiper-slide-inner\"><img class=\"swiper-slide-image swiper-lazy\" data-src=\"https:\/\/estalagemaquinta.com\/wp-content\/uploads\/2025\/03\/arredores_Casa_cristina-300x200.jpg\" alt=\"arredores_Casa_cristina\" \/><div class=\"swiper-lazy-preloader\"><\/div><\/figure><\/div><div class=\"swiper-slide\" role=\"group\" aria-roledescription=\"slide\" aria-label=\"12 of 17\"><figure class=\"swiper-slide-inner\"><img class=\"swiper-slide-image swiper-lazy\" data-src=\"https:\/\/estalagemaquinta.com\/wp-content\/uploads\/2025\/03\/casa_banho_casa_cristina-300x200.jpg\" alt=\"casa_banho_casa_cristina\" \/><div class=\"swiper-lazy-preloader\"><\/div><\/figure><\/div><div class=\"swiper-slide\" role=\"group\" aria-roledescription=\"slide\" aria-label=\"13 of 17\"><figure class=\"swiper-slide-inner\"><img class=\"swiper-slide-image swiper-lazy\" data-src=\"https:\/\/estalagemaquinta.com\/wp-content\/uploads\/2025\/03\/entrada_casa_cristina_22-300x200.jpg\" alt=\"entrada_casa_cristina_22\" \/><div class=\"swiper-lazy-preloader\"><\/div><\/figure><\/div><div class=\"swiper-slide\" role=\"group\" aria-roledescription=\"slide\" aria-label=\"14 of 17\"><figure class=\"swiper-slide-inner\"><img class=\"swiper-slide-image swiper-lazy\" data-src=\"https:\/\/estalagemaquinta.com\/wp-content\/uploads\/2025\/03\/entrada_cristina-300x189.jpg\" alt=\"entrada_cristina\" \/><div class=\"swiper-lazy-preloader\"><\/div><\/figure><\/div><div class=\"swiper-slide\" role=\"group\" aria-roledescription=\"slide\" aria-label=\"15 of 17\"><figure class=\"swiper-slide-inner\"><img class=\"swiper-slide-image swiper-lazy\" data-src=\"https:\/\/estalagemaquinta.com\/wp-content\/uploads\/2025\/03\/parque_casa_cristina-1-300x185.jpg\" alt=\"parque_casa_cristina\" \/><div class=\"swiper-lazy-preloader\"><\/div><\/figure><\/div><div class=\"swiper-slide\" role=\"group\" aria-roledescription=\"slide\" aria-label=\"16 of 17\"><figure class=\"swiper-slide-inner\"><img class=\"swiper-slide-image swiper-lazy\" data-src=\"https:\/\/estalagemaquinta.com\/wp-content\/uploads\/2025\/03\/quarto_2_camas_Casa_cristina-300x200.jpg\" alt=\"quarto_2_camas_Casa_cristina\" \/><div class=\"swiper-lazy-preloader\"><\/div><\/figure><\/div><div class=\"swiper-slide\" role=\"group\" aria-roledescription=\"slide\" aria-label=\"17 of 17\"><figure class=\"swiper-slide-inner\"><img class=\"swiper-slide-image swiper-lazy\" data-src=\"https:\/\/estalagemaquinta.com\/wp-content\/uploads\/2025\/03\/quarto_2_camas_Casa_cristina_-200x300.jpg\" alt=\"quarto_2_camas_Casa_cristina_\" \/><div class=\"swiper-lazy-preloader\"><\/div><\/figure><\/div>\t\t\t<\/div>\n\t\t\t\t\t\t\t\n\t\t\t\t\t\t\t\t\t<\/div>\n\t\t\t\t\t\t<\/div>\n\t\t\t\t<\/div>\n\t\t\t\t\t<\/div>\n\t\t\t\t<\/div>\n\t\t<div class=\"elementor-element elementor-element-80ce2e7 e-flex e-con-boxed e-con e-parent\" data-id=\"80ce2e7\" data-element_type=\"container\">\n\t\t\t\t\t<div class=\"e-con-inner\">\n\t\t\t\t<div class=\"elementor-element elementor-element-9d208a4 elementor-widget elementor-widget-shortcode\" data-id=\"9d208a4\" data-element_type=\"widget\" data-widget_type=\"shortcode.default\">\n\t\t\t\t<div class=\"elementor-widget-container\">\n\t\t\t\t\t\t\t<div class=\"elementor-shortcode\"><div class='fluentform ff-default fluentform_wrapper_6 ffs_default_wrap'><form data-form_id=\"6\" id=\"fluentform_6\" class=\"frm-fluent-form fluent_form_6 ff-el-form-top ff_form_instance_6_1 ff-form-loading ffs_default\" data-form_instance=\"ff_form_instance_6_1\" method=\"POST\" ><fieldset  style=\"border: none!important;margin: 0!important;padding: 0!important;background-color: transparent!important;box-shadow: none!important;outline: none!important; min-inline-size: 100%;\">\n                    <legend class=\"ff_screen_reader_title\" style=\"display: block; margin: 0!important;padding: 0!important;height: 0!important;text-indent: -999999px;width: 0!important;overflow:hidden;\">Casa Cristina<\/legend><input type='hidden' name='__fluent_form_embded_post_id' value='234' \/><input type=\"hidden\" id=\"_fluentform_6_fluentformnonce\" name=\"_fluentform_6_fluentformnonce\" value=\"75e257e2a1\" \/><input type=\"hidden\" name=\"_wp_http_referer\" value=\"\/index.php\/wp-json\/wp\/v2\/pages\/234\" \/><div data-type=\"name-element\" data-name=\"names\" class=\" ff-field_container ff-name-field-wrapper\" ><div class='ff-t-container'><div class='ff-t-cell '><div class='ff-el-group ff-el-form-top'><div class=\"ff-el-input--label asterisk-right\"><label for='ff_6_names_first_name_' >First Name<\/label><\/div><div class='ff-el-input--content'><input type=\"text\" name=\"names[first_name]\" id=\"ff_6_names_first_name_\" class=\"ff-el-form-control\" placeholder=\"Enter Your First Name\" aria-invalid=\"false\" aria-required=false><\/div><\/div><\/div><div class='ff-t-cell '><div class='ff-el-group ff-el-form-top'><div class=\"ff-el-input--label asterisk-right\"><label for='ff_6_names_last_name_' >Last Name<\/label><\/div><div class='ff-el-input--content'><input type=\"text\" name=\"names[last_name]\" id=\"ff_6_names_last_name_\" class=\"ff-el-form-control\" placeholder=\"Enter Your Last Name\" aria-invalid=\"false\" aria-required=false><\/div><\/div><\/div><\/div><\/div><div class='ff-el-group'><div class=\"ff-el-input--label ff-el-is-required asterisk-right\"><label for='ff_6_dropdown' aria-label=\"Number of people\">Number of people<\/label><\/div><div class='ff-el-input--content'><select name=\"dropdown\" id=\"ff_6_dropdown\" class=\"ff-el-form-control\" data-name=\"dropdown\" data-calc_value=\"0\"  aria-invalid=\"false\" aria-required=true><option value=\"\">- Select -<\/option><option value=\"1\"  >1<\/option><option value=\"2\"  >2<\/option><option value=\"3\"  >3<\/option><option value=\"4\"  >4<\/option><\/select><\/div><\/div><div class='ff-el-group'><div class=\"ff-el-input--label ff-el-is-required asterisk-right\"><label for='ff_6_email' aria-label=\"Email\">Email<\/label><\/div><div class='ff-el-input--content'><input type=\"email\" name=\"email\" id=\"ff_6_email\" class=\"ff-el-form-control\" placeholder=\"Email Address\" data-name=\"email\"  aria-invalid=\"false\" aria-required=true><\/div><\/div><div class='ff-el-group'><div class=\"ff-el-input--label asterisk-right\"><label for='ff_6_numeric_field' aria-label=\"Phone Number\">Phone Number<\/label><\/div><div class='ff-el-input--content'><input type=\"number\" name=\"numeric_field\" id=\"ff_6_numeric_field\" class=\"ff-el-form-control\" data-name=\"numeric_field\" inputmode=\"numeric\" step=\"any\"  aria-invalid=\"false\" aria-required=false><\/div><\/div><div class='ff-el-group'><div class=\"ff-el-input--label asterisk-right\"><label for='ff_6_datetime' aria-label=\"Date \/ Time\">Date \/ Time<\/label><\/div><div class='ff-el-input--content'><input  aria-label='Date \/ Time Use arrow keys to navigate dates. Press enter to select a date.'  aria-haspopup='dialog' data-type-datepicker data-format='d\/m\/Y' type=\"text\" name=\"datetime\" id=\"ff_6_datetime\" class=\"ff-el-form-control ff-el-datepicker\" data-name=\"datetime\"  aria-invalid='false' aria-required=false><\/div><\/div><div class='ff-el-group ff-text-left ff_submit_btn_wrapper'><button type=\"submit\" class=\"ff-btn ff-btn-submit ff-btn-md ff_btn_style\" >Submit Form<\/button><\/div><\/fieldset><\/form><div id='fluentform_6_errors' class='ff-errors-in-stack ff_form_instance_6_1 ff-form-loading_errors ff_form_instance_6_1_errors'><\/div><\/div>        <script type=\"text\/javascript\">\n            window.fluent_form_ff_form_instance_6_1 = {\"id\":\"6\",\"settings\":{\"layout\":{\"labelPlacement\":\"top\",\"asteriskPlacement\":\"asterisk-right\",\"helpMessagePlacement\":\"with_label\",\"errorMessagePlacement\":\"inline\",\"cssClassName\":\"\"},\"restrictions\":{\"denyEmptySubmission\":{\"enabled\":false}}},\"form_instance\":\"ff_form_instance_6_1\",\"form_id_selector\":\"fluentform_6\",\"rules\":{\"names[first_name]\":{\"required\":{\"value\":false,\"message\":\"This field is required\",\"global_message\":\"This field is required\",\"global\":true}},\"names[middle_name]\":{\"required\":{\"value\":false,\"message\":\"This field is required\",\"global_message\":\"This field is required\",\"global\":true}},\"names[last_name]\":{\"required\":{\"value\":false,\"message\":\"This field is required\",\"global_message\":\"This field is required\",\"global\":true}},\"dropdown\":{\"required\":{\"value\":true,\"message\":\"This field is required\",\"global_message\":\"This field is required\",\"global\":true}},\"email\":{\"required\":{\"value\":true,\"message\":\"This field is required\",\"global_message\":\"This field is required\",\"global\":true},\"email\":{\"value\":true,\"message\":\"This field must contain a valid email\",\"global_message\":\"This field must contain a valid email\",\"global\":true}},\"numeric_field\":{\"required\":{\"value\":false,\"message\":\"This field is required\",\"global_message\":\"This field is required\",\"global\":true},\"numeric\":{\"value\":true,\"message\":\"This field must contain numeric value\",\"global_message\":\"This field must contain numeric value\",\"global\":true},\"min\":{\"value\":\"\",\"message\":\"Validation fails for minimum value\",\"global_message\":\"Validation fails for minimum value\",\"global\":true},\"max\":{\"value\":\"\",\"message\":\"Validation fails for maximum value\",\"global_message\":\"Validation fails for maximum value\",\"global\":true},\"digits\":{\"value\":\"\",\"message\":\"Validation fails for limited digits\",\"global_message\":\"Validation fails for limited digits\",\"global\":true}},\"datetime\":{\"required\":{\"value\":false,\"message\":\"This field is required\",\"global_message\":\"This field is required\",\"global\":true}}},\"debounce_time\":300};\n                    <\/script>\n        <\/div>\n\t\t\t\t\t\t<\/div>\n\t\t\t\t<\/div>\n\t\t\t\t\t<\/div>\n\t\t\t\t<\/div>\n\t\t\t\t<\/div>\n\t\t","protected":false},"excerpt":{"rendered":"<p>Localizada em Junqueira, na regi\u00e3o da Ilha da Madeira, a Casa Cristina apresenta uma varanda e ar condicionado. Esta casa de f\u00e9rias est\u00e1 a 18 km das Casas T\u00edpicas de Santana e a 24 km da Marina do Funchal, oferecendo uma base confort\u00e1vel para explorar a ilha. Unidade tur\u00edstica em espa\u00e7o rural, simplicidade e conforto [&hellip;]<\/p>\n","protected":false},"author":1,"featured_media":0,"parent":0,"menu_order":0,"comment_status":"closed","ping_status":"closed","template":"","meta":{"footnotes":""},"class_list":["post-234","page","type-page","status-publish","hentry"],"_links":{"self":[{"href":"https:\/\/estalagemaquinta.com\/index.php\/wp-json\/wp\/v2\/pages\/234","targetHints":{"allow":["GET"]}}],"collection":[{"href":"https:\/\/estalagemaquinta.com\/index.php\/wp-json\/wp\/v2\/pages"}],"about":[{"href":"https:\/\/estalagemaquinta.com\/index.php\/wp-json\/wp\/v2\/types\/page"}],"author":[{"embeddable":true,"href":"https:\/\/estalagemaquinta.com\/index.php\/wp-json\/wp\/v2\/users\/1"}],"replies":[{"embeddable":true,"href":"https:\/\/estalagemaquinta.com\/index.php\/wp-json\/wp\/v2\/comments?post=234"}],"version-history":[{"count":10,"href":"https:\/\/estalagemaquinta.com\/index.php\/wp-json\/wp\/v2\/pages\/234\/revisions"}],"predecessor-version":[{"id":533,"href":"https:\/\/estalagemaquinta.com\/index.php\/wp-json\/wp\/v2\/pages\/234\/revisions\/533"}],"wp:attachment":[{"href":"https:\/\/estalagemaquinta.com\/index.php\/wp-json\/wp\/v2\/media?parent=234"}],"curies":[{"name":"wp","href":"https:\/\/api.w.org\/{rel}","templated":true}]}}