{"id":284,"date":"2025-03-14T10:49:28","date_gmt":"2025-03-14T10:49:28","guid":{"rendered":"https:\/\/estalagemaquinta.com\/?page_id=284"},"modified":"2025-03-14T11:02:32","modified_gmt":"2025-03-14T11:02:32","slug":"madeira-e-porto-santo-dois-paraisos-uma-so-experiencia","status":"publish","type":"page","link":"https:\/\/estalagemaquinta.com\/index.php\/madeira-e-porto-santo-dois-paraisos-uma-so-experiencia\/","title":{"rendered":"Madeira e Porto Santo \u2013 Dois Para\u00edsos"},"content":{"rendered":"\t\t<div data-elementor-type=\"wp-page\" data-elementor-id=\"284\" class=\"elementor elementor-284\">\n\t\t\t\t<div class=\"elementor-element elementor-element-2971969 e-flex e-con-boxed e-con e-parent\" data-id=\"2971969\" data-element_type=\"container\">\n\t\t\t\t\t<div class=\"e-con-inner\">\n\t\t\t\t<div class=\"elementor-element elementor-element-e6f8433 elementor-widget elementor-widget-heading\" data-id=\"e6f8433\" data-element_type=\"widget\" data-widget_type=\"heading.default\">\n\t\t\t\t<div class=\"elementor-widget-container\">\n\t\t\t\t\t<h2 class=\"elementor-heading-title elementor-size-default\">Ilha da Madeira<\/h2>\t\t\t\t<\/div>\n\t\t\t\t<\/div>\n\t\t\t\t<div class=\"elementor-element elementor-element-e1a31fb elementor-widget elementor-widget-text-editor\" data-id=\"e1a31fb\" data-element_type=\"widget\" data-widget_type=\"text-editor.default\">\n\t\t\t\t<div class=\"elementor-widget-container\">\n\t\t\t\t\t\t\t\t\t<h3 style=\"text-align: center;\" data-pm-slice=\"1 1 []\"><span style=\"color: var( --e-global-color-text ); font-family: var( --e-global-typography-text-font-family ), Sans-serif; font-weight: var( --e-global-typography-text-font-weight ); text-align: var(--text-align); background-color: var(--bs-body-bg); font-size: var(--bs-body-font-size);\">&nbsp;<\/span><\/h3>\n<p>Situada no meio do Oceano Atl\u00e2ntico Norte, a Madeira encontra-se a cerca de <strong>500 km da Costa Africana<\/strong> e <strong>1000 km de Portugal Continental<\/strong>, a apenas <strong>1h30 de avi\u00e3o de Lisboa<\/strong>. Com uma \u00e1rea de <strong>741 km\u00b2<\/strong>, a ilha estende-se por <strong>57 km de comprimento e 22 km de largura<\/strong>, sendo o Funchal a sua vibrante capital, onde vivem cerca de <strong>120.000 habitantes<\/strong> de uma popula\u00e7\u00e3o total de aproximadamente <strong>260.000 pessoas<\/strong>.<\/p>\n<p>A Madeira destaca-se pelo seu <strong>clima ameno<\/strong> durante todo o ano, resultado da sua localiza\u00e7\u00e3o geogr\u00e1fica e forma geol\u00f3gica. No <strong>Inverno, as temperaturas s\u00e3o suaves<\/strong>, e no <strong>Ver\u00e3o, o calor \u00e9 agrad\u00e1vel<\/strong>, sem extremos. Este clima torna a ilha um <strong>destino tur\u00edstico perfeito em qualquer esta\u00e7\u00e3o<\/strong>.<\/p>\n<h3 style=\"text-align: center;\">Natureza e Atividades<\/h3>\n<div>&nbsp;<\/div>\n<p>Cobrindo a Madeira como um <strong>manto verde exuberante<\/strong>, a vegeta\u00e7\u00e3o ex\u00f3tica e luxuriante confere \u00e0 ilha o estatuto de <strong>reserva natural<\/strong>, com <strong>dois ter\u00e7os do territ\u00f3rio protegido<\/strong>. Para os amantes da natureza e aventura, a Madeira oferece trilhos deslumbrantes ao longo das <strong>levadas<\/strong> \u2013 canais de irriga\u00e7\u00e3o que serpenteiam a paisagem, proporcionando caminhadas inesquec\u00edveis.<\/p>\n<p>Al\u00e9m do <strong>parapente, montanhismo, t\u00e9nis, equita\u00e7\u00e3o e passeios de bicicleta<\/strong>, a Madeira conta com <strong>dois campos de golfe de n\u00edvel internacional<\/strong>. O <strong>Clube de Golfe do Santo da Serra<\/strong>, anfitri\u00e3o do Madeira Island Open, \u00e9 um dos <strong>campos mais espetaculares da Europa<\/strong>, com vistas que se estendem desde os <strong>picos das montanhas<\/strong> at\u00e9 ao <strong>mar sereno<\/strong>. Este campo situa-se <strong>perto da nossa Estalagem no Santo da Serra<\/strong>, proporcionando uma experi\u00eancia \u00fanica a golfistas e visitantes.<\/p>\t\t\t\t\t\t\t\t<\/div>\n\t\t\t\t<\/div>\n\t\t\t\t<div class=\"elementor-element elementor-element-50f4592 elementor-widget elementor-widget-image-carousel\" data-id=\"50f4592\" data-element_type=\"widget\" data-settings=\"{&quot;navigation&quot;:&quot;none&quot;,&quot;lazyload&quot;:&quot;yes&quot;,&quot;autoplay_speed&quot;:500,&quot;autoplay&quot;:&quot;yes&quot;,&quot;infinite&quot;:&quot;yes&quot;,&quot;speed&quot;:500}\" data-widget_type=\"image-carousel.default\">\n\t\t\t\t<div class=\"elementor-widget-container\">\n\t\t\t\t\t\t\t<div class=\"elementor-image-carousel-wrapper swiper\" role=\"region\" aria-roledescription=\"carousel\" aria-label=\"Carrossel de imagens\" dir=\"ltr\">\n\t\t\t<div class=\"elementor-image-carousel swiper-wrapper\" aria-live=\"off\">\n\t\t\t\t\t\t\t\t<div class=\"swiper-slide\" role=\"group\" aria-roledescription=\"slide\" aria-label=\"1 of 23\"><figure class=\"swiper-slide-inner\"><img class=\"swiper-slide-image swiper-lazy\" data-src=\"https:\/\/estalagemaquinta.com\/wp-content\/uploads\/2025\/03\/10-300x225.jpg\" alt=\"10\" \/><div class=\"swiper-lazy-preloader\"><\/div><\/figure><\/div><div class=\"swiper-slide\" role=\"group\" aria-roledescription=\"slide\" aria-label=\"2 of 23\"><figure class=\"swiper-slide-inner\"><img class=\"swiper-slide-image swiper-lazy\" data-src=\"https:\/\/estalagemaquinta.com\/wp-content\/uploads\/2025\/03\/12-1-300x225.jpg\" alt=\"12\" \/><div class=\"swiper-lazy-preloader\"><\/div><\/figure><\/div><div class=\"swiper-slide\" role=\"group\" aria-roledescription=\"slide\" aria-label=\"3 of 23\"><figure class=\"swiper-slide-inner\"><img class=\"swiper-slide-image swiper-lazy\" data-src=\"https:\/\/estalagemaquinta.com\/wp-content\/uploads\/2025\/03\/13-1-300x225.jpg\" alt=\"13\" \/><div class=\"swiper-lazy-preloader\"><\/div><\/figure><\/div><div class=\"swiper-slide\" role=\"group\" aria-roledescription=\"slide\" aria-label=\"4 of 23\"><figure class=\"swiper-slide-inner\"><img class=\"swiper-slide-image swiper-lazy\" data-src=\"https:\/\/estalagemaquinta.com\/wp-content\/uploads\/2025\/03\/14-1-300x200.jpg\" alt=\"14\" \/><div class=\"swiper-lazy-preloader\"><\/div><\/figure><\/div><div class=\"swiper-slide\" role=\"group\" aria-roledescription=\"slide\" aria-label=\"5 of 23\"><figure class=\"swiper-slide-inner\"><img class=\"swiper-slide-image swiper-lazy\" data-src=\"https:\/\/estalagemaquinta.com\/wp-content\/uploads\/2025\/03\/15-2-300x200.jpg\" alt=\"15\" \/><div class=\"swiper-lazy-preloader\"><\/div><\/figure><\/div><div class=\"swiper-slide\" role=\"group\" aria-roledescription=\"slide\" aria-label=\"6 of 23\"><figure class=\"swiper-slide-inner\"><img class=\"swiper-slide-image swiper-lazy\" data-src=\"https:\/\/estalagemaquinta.com\/wp-content\/uploads\/2025\/03\/16-1-300x225.jpg\" alt=\"16\" \/><div class=\"swiper-lazy-preloader\"><\/div><\/figure><\/div><div class=\"swiper-slide\" role=\"group\" aria-roledescription=\"slide\" aria-label=\"7 of 23\"><figure class=\"swiper-slide-inner\"><img class=\"swiper-slide-image swiper-lazy\" data-src=\"https:\/\/estalagemaquinta.com\/wp-content\/uploads\/2025\/03\/17-1-300x200.jpg\" alt=\"17\" \/><div class=\"swiper-lazy-preloader\"><\/div><\/figure><\/div><div class=\"swiper-slide\" role=\"group\" aria-roledescription=\"slide\" aria-label=\"8 of 23\"><figure class=\"swiper-slide-inner\"><img class=\"swiper-slide-image swiper-lazy\" data-src=\"https:\/\/estalagemaquinta.com\/wp-content\/uploads\/2025\/03\/18-1-300x225.jpg\" alt=\"18\" \/><div class=\"swiper-lazy-preloader\"><\/div><\/figure><\/div><div class=\"swiper-slide\" role=\"group\" aria-roledescription=\"slide\" aria-label=\"9 of 23\"><figure class=\"swiper-slide-inner\"><img class=\"swiper-slide-image swiper-lazy\" data-src=\"https:\/\/estalagemaquinta.com\/wp-content\/uploads\/2025\/03\/19-1-300x167.jpg\" alt=\"19\" \/><div class=\"swiper-lazy-preloader\"><\/div><\/figure><\/div><div class=\"swiper-slide\" role=\"group\" aria-roledescription=\"slide\" aria-label=\"10 of 23\"><figure class=\"swiper-slide-inner\"><img class=\"swiper-slide-image swiper-lazy\" data-src=\"https:\/\/estalagemaquinta.com\/wp-content\/uploads\/2025\/03\/20-1-300x186.jpg\" alt=\"20\" \/><div class=\"swiper-lazy-preloader\"><\/div><\/figure><\/div><div class=\"swiper-slide\" role=\"group\" aria-roledescription=\"slide\" aria-label=\"11 of 23\"><figure class=\"swiper-slide-inner\"><img class=\"swiper-slide-image swiper-lazy\" data-src=\"https:\/\/estalagemaquinta.com\/wp-content\/uploads\/2025\/03\/21-1-300x199.jpg\" alt=\"21\" \/><div class=\"swiper-lazy-preloader\"><\/div><\/figure><\/div><div class=\"swiper-slide\" role=\"group\" aria-roledescription=\"slide\" aria-label=\"12 of 23\"><figure class=\"swiper-slide-inner\"><img class=\"swiper-slide-image swiper-lazy\" data-src=\"https:\/\/estalagemaquinta.com\/wp-content\/uploads\/2025\/03\/22-1-300x225.jpg\" alt=\"22\" \/><div class=\"swiper-lazy-preloader\"><\/div><\/figure><\/div><div class=\"swiper-slide\" role=\"group\" aria-roledescription=\"slide\" aria-label=\"13 of 23\"><figure class=\"swiper-slide-inner\"><img class=\"swiper-slide-image swiper-lazy\" data-src=\"https:\/\/estalagemaquinta.com\/wp-content\/uploads\/2025\/03\/24-1-300x225.jpg\" alt=\"24\" \/><div class=\"swiper-lazy-preloader\"><\/div><\/figure><\/div><div class=\"swiper-slide\" role=\"group\" aria-roledescription=\"slide\" aria-label=\"14 of 23\"><figure class=\"swiper-slide-inner\"><img class=\"swiper-slide-image swiper-lazy\" data-src=\"https:\/\/estalagemaquinta.com\/wp-content\/uploads\/2025\/03\/27-300x200.jpg\" alt=\"27\" \/><div class=\"swiper-lazy-preloader\"><\/div><\/figure><\/div><div class=\"swiper-slide\" role=\"group\" aria-roledescription=\"slide\" aria-label=\"15 of 23\"><figure class=\"swiper-slide-inner\"><img class=\"swiper-slide-image swiper-lazy\" data-src=\"https:\/\/estalagemaquinta.com\/wp-content\/uploads\/2025\/03\/31-300x197.jpg\" alt=\"31\" \/><div class=\"swiper-lazy-preloader\"><\/div><\/figure><\/div><div class=\"swiper-slide\" role=\"group\" aria-roledescription=\"slide\" aria-label=\"16 of 23\"><figure class=\"swiper-slide-inner\"><img class=\"swiper-slide-image swiper-lazy\" data-src=\"https:\/\/estalagemaquinta.com\/wp-content\/uploads\/2025\/03\/34-300x225.jpg\" alt=\"34\" \/><div class=\"swiper-lazy-preloader\"><\/div><\/figure><\/div><div class=\"swiper-slide\" role=\"group\" aria-roledescription=\"slide\" aria-label=\"17 of 23\"><figure class=\"swiper-slide-inner\"><img class=\"swiper-slide-image swiper-lazy\" data-src=\"https:\/\/estalagemaquinta.com\/wp-content\/uploads\/2025\/03\/36-1-300x225.jpg\" alt=\"36\" \/><div class=\"swiper-lazy-preloader\"><\/div><\/figure><\/div><div class=\"swiper-slide\" role=\"group\" aria-roledescription=\"slide\" aria-label=\"18 of 23\"><figure class=\"swiper-slide-inner\"><img class=\"swiper-slide-image swiper-lazy\" data-src=\"https:\/\/estalagemaquinta.com\/wp-content\/uploads\/2025\/03\/41-300x225.jpg\" alt=\"41\" \/><div class=\"swiper-lazy-preloader\"><\/div><\/figure><\/div><div class=\"swiper-slide\" role=\"group\" aria-roledescription=\"slide\" aria-label=\"19 of 23\"><figure class=\"swiper-slide-inner\"><img class=\"swiper-slide-image swiper-lazy\" data-src=\"https:\/\/estalagemaquinta.com\/wp-content\/uploads\/2025\/03\/51-300x238.jpg\" alt=\"51\" \/><div class=\"swiper-lazy-preloader\"><\/div><\/figure><\/div><div class=\"swiper-slide\" role=\"group\" aria-roledescription=\"slide\" aria-label=\"20 of 23\"><figure class=\"swiper-slide-inner\"><img class=\"swiper-slide-image swiper-lazy\" data-src=\"https:\/\/estalagemaquinta.com\/wp-content\/uploads\/2025\/03\/71-1-300x225.jpg\" alt=\"71\" \/><div class=\"swiper-lazy-preloader\"><\/div><\/figure><\/div><div class=\"swiper-slide\" role=\"group\" aria-roledescription=\"slide\" aria-label=\"21 of 23\"><figure class=\"swiper-slide-inner\"><img class=\"swiper-slide-image swiper-lazy\" data-src=\"https:\/\/estalagemaquinta.com\/wp-content\/uploads\/2025\/03\/81-300x225.jpg\" alt=\"81\" \/><div class=\"swiper-lazy-preloader\"><\/div><\/figure><\/div><div class=\"swiper-slide\" role=\"group\" aria-roledescription=\"slide\" aria-label=\"22 of 23\"><figure class=\"swiper-slide-inner\"><img class=\"swiper-slide-image swiper-lazy\" data-src=\"https:\/\/estalagemaquinta.com\/wp-content\/uploads\/2025\/03\/211-300x225.jpg\" alt=\"211\" \/><div class=\"swiper-lazy-preloader\"><\/div><\/figure><\/div><div class=\"swiper-slide\" role=\"group\" aria-roledescription=\"slide\" aria-label=\"23 of 23\"><figure class=\"swiper-slide-inner\"><img class=\"swiper-slide-image swiper-lazy\" data-src=\"https:\/\/estalagemaquinta.com\/wp-content\/uploads\/2025\/03\/311-300x198.jpg\" alt=\"311\" \/><div class=\"swiper-lazy-preloader\"><\/div><\/figure><\/div>\t\t\t<\/div>\n\t\t\t\t\t\t\t\n\t\t\t\t\t\t\t\t\t<\/div>\n\t\t\t\t\t\t<\/div>\n\t\t\t\t<\/div>\n\t\t\t\t<div class=\"elementor-element elementor-element-8b8989a elementor-widget elementor-widget-heading\" data-id=\"8b8989a\" data-element_type=\"widget\" data-widget_type=\"heading.default\">\n\t\t\t\t<div class=\"elementor-widget-container\">\n\t\t\t\t\t<h2 class=\"elementor-heading-title elementor-size-default\">Porto Santo<\/h2>\t\t\t\t<\/div>\n\t\t\t\t<\/div>\n\t\t\t\t<div class=\"elementor-element elementor-element-5eb8d0d elementor-widget elementor-widget-text-editor\" data-id=\"5eb8d0d\" data-element_type=\"widget\" data-widget_type=\"text-editor.default\">\n\t\t\t\t<div class=\"elementor-widget-container\">\n\t\t\t\t\t\t\t\t\t<p data-pm-slice=\"1 1 []\">A apenas <strong>40 km da Madeira<\/strong>, Porto Santo \u00e9 um aut\u00eantico <strong>para\u00edso de tranquilidade<\/strong>. Conhecida pela sua deslumbrante <strong>praia de 9 km de areia dourada<\/strong>, banhada por \u00e1guas cristalinas, esta ilha oferece um ambiente perfeito para descanso e lazer.<\/p><p data-pm-slice=\"1 1 []\">\u00a0<\/p><p>O clima em Porto Santo \u00e9 <strong>seco e quente<\/strong>, ideal para quem procura dias ensolarados e momentos relaxantes \u00e0 beira-mar. Para os mais aventureiros, a ilha tamb\u00e9m proporciona atividades como <strong>mergulho, passeios de barco, caminhadas e golfe<\/strong>.\u00a0<\/p><p>\u00a0<\/p><p>O <strong>campo de golfe de Porto Santo<\/strong>, desenhado por <strong>Severiano Ballesteros<\/strong>, oferece um desafio emocionante com cen\u00e1rios espetaculares.<\/p><p>\u00a0<\/p><p>\u00a0<\/p><p>Seja na Madeira, com as suas florestas luxuriantes e montanhas dram\u00e1ticas, ou em Porto Santo, com as suas praias douradas e \u00e1guas calmas, estas ilhas oferecem uma experi\u00eancia \u00fanica, perfeita para quem procura natureza, aventura ou simplesmente relaxamento.<\/p>\t\t\t\t\t\t\t\t<\/div>\n\t\t\t\t<\/div>\n\t\t\t\t\t<\/div>\n\t\t\t\t<\/div>\n\t\t<div class=\"elementor-element elementor-element-1b1aa0a e-flex e-con-boxed e-con e-parent\" data-id=\"1b1aa0a\" data-element_type=\"container\">\n\t\t\t\t\t<div class=\"e-con-inner\">\n\t\t\t\t\t<\/div>\n\t\t\t\t<\/div>\n\t\t<div class=\"elementor-element elementor-element-cb17fba e-flex e-con-boxed e-con e-parent\" data-id=\"cb17fba\" data-element_type=\"container\">\n\t\t\t\t\t<div class=\"e-con-inner\">\n\t\t\t\t<div class=\"elementor-element elementor-element-bbd1bae elementor-widget elementor-widget-image-carousel\" data-id=\"bbd1bae\" data-element_type=\"widget\" data-settings=\"{&quot;navigation&quot;:&quot;none&quot;,&quot;lazyload&quot;:&quot;yes&quot;,&quot;autoplay_speed&quot;:500,&quot;autoplay&quot;:&quot;yes&quot;,&quot;infinite&quot;:&quot;yes&quot;,&quot;speed&quot;:500}\" data-widget_type=\"image-carousel.default\">\n\t\t\t\t<div class=\"elementor-widget-container\">\n\t\t\t\t\t\t\t<div class=\"elementor-image-carousel-wrapper swiper\" role=\"region\" aria-roledescription=\"carousel\" aria-label=\"Carrossel de imagens\" dir=\"ltr\">\n\t\t\t<div class=\"elementor-image-carousel swiper-wrapper\" aria-live=\"off\">\n\t\t\t\t\t\t\t\t<div class=\"swiper-slide\" role=\"group\" aria-roledescription=\"slide\" aria-label=\"1 of 9\"><figure class=\"swiper-slide-inner\"><img class=\"swiper-slide-image swiper-lazy\" data-src=\"https:\/\/estalagemaquinta.com\/wp-content\/uploads\/2025\/03\/1-1-300x200.jpg\" alt=\"1\" \/><div class=\"swiper-lazy-preloader\"><\/div><\/figure><\/div><div class=\"swiper-slide\" role=\"group\" aria-roledescription=\"slide\" aria-label=\"2 of 9\"><figure class=\"swiper-slide-inner\"><img class=\"swiper-slide-image swiper-lazy\" data-src=\"https:\/\/estalagemaquinta.com\/wp-content\/uploads\/2025\/03\/3-2-300x200.jpg\" alt=\"3\" \/><div class=\"swiper-lazy-preloader\"><\/div><\/figure><\/div><div class=\"swiper-slide\" role=\"group\" aria-roledescription=\"slide\" aria-label=\"3 of 9\"><figure class=\"swiper-slide-inner\"><img class=\"swiper-slide-image swiper-lazy\" data-src=\"https:\/\/estalagemaquinta.com\/wp-content\/uploads\/2025\/03\/4-2-300x225.jpg\" alt=\"4\" \/><div class=\"swiper-lazy-preloader\"><\/div><\/figure><\/div><div class=\"swiper-slide\" role=\"group\" aria-roledescription=\"slide\" aria-label=\"4 of 9\"><figure class=\"swiper-slide-inner\"><img class=\"swiper-slide-image swiper-lazy\" data-src=\"https:\/\/estalagemaquinta.com\/wp-content\/uploads\/2025\/03\/5-2-300x194.jpg\" alt=\"5\" \/><div class=\"swiper-lazy-preloader\"><\/div><\/figure><\/div><div class=\"swiper-slide\" role=\"group\" aria-roledescription=\"slide\" aria-label=\"5 of 9\"><figure class=\"swiper-slide-inner\"><img class=\"swiper-slide-image swiper-lazy\" data-src=\"https:\/\/estalagemaquinta.com\/wp-content\/uploads\/2025\/03\/6-1-300x225.jpg\" alt=\"6\" \/><div class=\"swiper-lazy-preloader\"><\/div><\/figure><\/div><div class=\"swiper-slide\" role=\"group\" aria-roledescription=\"slide\" aria-label=\"6 of 9\"><figure class=\"swiper-slide-inner\"><img class=\"swiper-slide-image swiper-lazy\" data-src=\"https:\/\/estalagemaquinta.com\/wp-content\/uploads\/2025\/03\/8-2-300x225.jpg\" alt=\"8\" \/><div class=\"swiper-lazy-preloader\"><\/div><\/figure><\/div><div class=\"swiper-slide\" role=\"group\" aria-roledescription=\"slide\" aria-label=\"7 of 9\"><figure class=\"swiper-slide-inner\"><img class=\"swiper-slide-image swiper-lazy\" data-src=\"https:\/\/estalagemaquinta.com\/wp-content\/uploads\/2025\/03\/9-300x225.jpg\" alt=\"9\" \/><div class=\"swiper-lazy-preloader\"><\/div><\/figure><\/div><div class=\"swiper-slide\" role=\"group\" aria-roledescription=\"slide\" aria-label=\"8 of 9\"><figure class=\"swiper-slide-inner\"><img class=\"swiper-slide-image swiper-lazy\" data-src=\"https:\/\/estalagemaquinta.com\/wp-content\/uploads\/2025\/03\/10-1-300x225.jpg\" alt=\"10\" \/><div class=\"swiper-lazy-preloader\"><\/div><\/figure><\/div><div class=\"swiper-slide\" role=\"group\" aria-roledescription=\"slide\" aria-label=\"9 of 9\"><figure class=\"swiper-slide-inner\"><img class=\"swiper-slide-image swiper-lazy\" data-src=\"https:\/\/estalagemaquinta.com\/wp-content\/uploads\/2025\/03\/11-300x225.jpg\" alt=\"11\" \/><div class=\"swiper-lazy-preloader\"><\/div><\/figure><\/div>\t\t\t<\/div>\n\t\t\t\t\t\t\t\n\t\t\t\t\t\t\t\t\t<\/div>\n\t\t\t\t\t\t<\/div>\n\t\t\t\t<\/div>\n\t\t\t\t\t<\/div>\n\t\t\t\t<\/div>\n\t\t\t\t<\/div>\n\t\t","protected":false},"excerpt":{"rendered":"<p>Ilha da Madeira &nbsp; Situada no meio do Oceano Atl\u00e2ntico Norte, a Madeira encontra-se a cerca de 500 km da Costa Africana e 1000 km de Portugal Continental, a apenas 1h30 de avi\u00e3o de Lisboa. Com uma \u00e1rea de 741 km\u00b2, a ilha estende-se por 57 km de comprimento e 22 km de largura, sendo [&hellip;]<\/p>\n","protected":false},"author":1,"featured_media":0,"parent":0,"menu_order":0,"comment_status":"closed","ping_status":"closed","template":"","meta":{"footnotes":""},"class_list":["post-284","page","type-page","status-publish","hentry"],"_links":{"self":[{"href":"https:\/\/estalagemaquinta.com\/index.php\/wp-json\/wp\/v2\/pages\/284","targetHints":{"allow":["GET"]}}],"collection":[{"href":"https:\/\/estalagemaquinta.com\/index.php\/wp-json\/wp\/v2\/pages"}],"about":[{"href":"https:\/\/estalagemaquinta.com\/index.php\/wp-json\/wp\/v2\/types\/page"}],"author":[{"embeddable":true,"href":"https:\/\/estalagemaquinta.com\/index.php\/wp-json\/wp\/v2\/users\/1"}],"replies":[{"embeddable":true,"href":"https:\/\/estalagemaquinta.com\/index.php\/wp-json\/wp\/v2\/comments?post=284"}],"version-history":[{"count":18,"href":"https:\/\/estalagemaquinta.com\/index.php\/wp-json\/wp\/v2\/pages\/284\/revisions"}],"predecessor-version":[{"id":335,"href":"https:\/\/estalagemaquinta.com\/index.php\/wp-json\/wp\/v2\/pages\/284\/revisions\/335"}],"wp:attachment":[{"href":"https:\/\/estalagemaquinta.com\/index.php\/wp-json\/wp\/v2\/media?parent=284"}],"curies":[{"name":"wp","href":"https:\/\/api.w.org\/{rel}","templated":true}]}}