{"id":403,"date":"2025-03-14T13:55:54","date_gmt":"2025-03-14T13:55:54","guid":{"rendered":"https:\/\/estalagemaquinta.com\/?page_id=403"},"modified":"2025-03-14T15:09:18","modified_gmt":"2025-03-14T15:09:18","slug":"home-2","status":"publish","type":"page","link":"https:\/\/estalagemaquinta.com\/index.php\/home-2\/","title":{"rendered":"Home"},"content":{"rendered":"\t\t<div data-elementor-type=\"wp-page\" data-elementor-id=\"403\" class=\"elementor elementor-403\">\n\t\t\t\t<div class=\"elementor-element elementor-element-b367faa e-flex e-con-boxed e-con e-parent\" data-id=\"b367faa\" data-element_type=\"container\">\n\t\t\t\t\t<div class=\"e-con-inner\">\n\t\t\t\t<div class=\"elementor-element elementor-element-728f8bb elementor-widget elementor-widget-image\" data-id=\"728f8bb\" data-element_type=\"widget\" data-widget_type=\"image.default\">\n\t\t\t\t<div class=\"elementor-widget-container\">\n\t\t\t\t\t\t\t\t\t\t\t\t\t\t\t\t<a href=\"https:\/\/estalagemaquinta.com\/index.php\/home-2\/\">\n\t\t\t\t\t\t\t<img decoding=\"async\" width=\"150\" height=\"150\" src=\"https:\/\/estalagemaquinta.com\/wp-content\/uploads\/2025\/03\/logo2-1-150x150.png\" class=\"attachment-thumbnail size-thumbnail wp-image-408\" alt=\"\" \/>\t\t\t\t\t\t\t\t<\/a>\n\t\t\t\t\t\t\t\t\t\t\t\t\t\t\t<\/div>\n\t\t\t\t<\/div>\n\t\t\t\t<div class=\"elementor-element elementor-element-020739a elementor-widget elementor-widget-image-carousel\" data-id=\"020739a\" data-element_type=\"widget\" data-settings=\"{&quot;navigation&quot;:&quot;none&quot;,&quot;lazyload&quot;:&quot;yes&quot;,&quot;autoplay_speed&quot;:500,&quot;autoplay&quot;:&quot;yes&quot;,&quot;infinite&quot;:&quot;yes&quot;,&quot;speed&quot;:500}\" data-widget_type=\"image-carousel.default\">\n\t\t\t\t<div class=\"elementor-widget-container\">\n\t\t\t\t\t\t\t<div class=\"elementor-image-carousel-wrapper swiper\" role=\"region\" aria-roledescription=\"carousel\" aria-label=\"Carrossel de imagens\" dir=\"ltr\">\n\t\t\t<div class=\"elementor-image-carousel swiper-wrapper\" aria-live=\"off\">\n\t\t\t\t\t\t\t\t<div class=\"swiper-slide\" role=\"group\" aria-roledescription=\"slide\" aria-label=\"1 of 5\"><a data-elementor-open-lightbox=\"yes\" data-elementor-lightbox-slideshow=\"020739a\" data-elementor-lightbox-title=\"IMG20180125WA0129\" data-e-action-hash=\"#elementor-action%3Aaction%3Dlightbox%26settings%3DeyJpZCI6MzUwLCJ1cmwiOiJodHRwczpcL1wvZXN0YWxhZ2VtYXF1aW50YS5jb21cL3dwLWNvbnRlbnRcL3VwbG9hZHNcLzIwMjVcLzAzXC9JTUcyMDE4MDEyNVdBMDEyOS5qcGciLCJzbGlkZXNob3ciOiIwMjA3MzlhIn0%3D\" href=\"https:\/\/estalagemaquinta.com\/index.php\/hotel-estalagem-a-quinta\/\"><figure class=\"swiper-slide-inner\"><img class=\"swiper-slide-image swiper-lazy\" data-src=\"https:\/\/estalagemaquinta.com\/wp-content\/uploads\/2025\/03\/IMG20180125WA0129.jpg\" alt=\"IMG20180125WA0129\" \/><div class=\"swiper-lazy-preloader\"><\/div><\/figure><\/a><\/div><div class=\"swiper-slide\" role=\"group\" aria-roledescription=\"slide\" aria-label=\"2 of 5\"><a data-elementor-open-lightbox=\"yes\" data-elementor-lightbox-slideshow=\"020739a\" data-elementor-lightbox-title=\"38\" data-e-action-hash=\"#elementor-action%3Aaction%3Dlightbox%26settings%3DeyJpZCI6MTM0LCJ1cmwiOiJodHRwczpcL1wvZXN0YWxhZ2VtYXF1aW50YS5jb21cL3dwLWNvbnRlbnRcL3VwbG9hZHNcLzIwMjVcLzAzXC8zOC5qcGciLCJzbGlkZXNob3ciOiIwMjA3MzlhIn0%3D\" href=\"https:\/\/estalagemaquinta.com\/index.php\/hotel-estalagem-a-quinta\/\"><figure class=\"swiper-slide-inner\"><img class=\"swiper-slide-image swiper-lazy\" data-src=\"https:\/\/estalagemaquinta.com\/wp-content\/uploads\/2025\/03\/38.jpg\" alt=\"38\" \/><div class=\"swiper-lazy-preloader\"><\/div><\/figure><\/a><\/div><div class=\"swiper-slide\" role=\"group\" aria-roledescription=\"slide\" aria-label=\"3 of 5\"><a data-elementor-open-lightbox=\"yes\" data-elementor-lightbox-slideshow=\"020739a\" data-elementor-lightbox-title=\"40\" data-e-action-hash=\"#elementor-action%3Aaction%3Dlightbox%26settings%3DeyJpZCI6MTM1LCJ1cmwiOiJodHRwczpcL1wvZXN0YWxhZ2VtYXF1aW50YS5jb21cL3dwLWNvbnRlbnRcL3VwbG9hZHNcLzIwMjVcLzAzXC80MC0xLmpwZyIsInNsaWRlc2hvdyI6IjAyMDczOWEifQ%3D%3D\" href=\"https:\/\/estalagemaquinta.com\/index.php\/hotel-estalagem-a-quinta\/\"><figure class=\"swiper-slide-inner\"><img class=\"swiper-slide-image swiper-lazy\" data-src=\"https:\/\/estalagemaquinta.com\/wp-content\/uploads\/2025\/03\/40-1.jpg\" alt=\"40\" \/><div class=\"swiper-lazy-preloader\"><\/div><\/figure><\/a><\/div><div class=\"swiper-slide\" role=\"group\" aria-roledescription=\"slide\" aria-label=\"4 of 5\"><a data-elementor-open-lightbox=\"yes\" data-elementor-lightbox-slideshow=\"020739a\" data-elementor-lightbox-title=\"15\" data-e-action-hash=\"#elementor-action%3Aaction%3Dlightbox%26settings%3DeyJpZCI6MTE5LCJ1cmwiOiJodHRwczpcL1wvZXN0YWxhZ2VtYXF1aW50YS5jb21cL3dwLWNvbnRlbnRcL3VwbG9hZHNcLzIwMjVcLzAzXC8xNS0xLmpwZyIsInNsaWRlc2hvdyI6IjAyMDczOWEifQ%3D%3D\" href=\"https:\/\/estalagemaquinta.com\/index.php\/hotel-estalagem-a-quinta\/\"><figure class=\"swiper-slide-inner\"><img class=\"swiper-slide-image swiper-lazy\" data-src=\"https:\/\/estalagemaquinta.com\/wp-content\/uploads\/2025\/03\/15-1.jpg\" alt=\"15\" \/><div class=\"swiper-lazy-preloader\"><\/div><\/figure><\/a><\/div><div class=\"swiper-slide\" role=\"group\" aria-roledescription=\"slide\" aria-label=\"5 of 5\"><a data-elementor-open-lightbox=\"yes\" data-elementor-lightbox-slideshow=\"020739a\" data-elementor-lightbox-title=\"4\" data-e-action-hash=\"#elementor-action%3Aaction%3Dlightbox%26settings%3DeyJpZCI6MTA5LCJ1cmwiOiJodHRwczpcL1wvZXN0YWxhZ2VtYXF1aW50YS5jb21cL3dwLWNvbnRlbnRcL3VwbG9hZHNcLzIwMjVcLzAzXC80LmpwZyIsInNsaWRlc2hvdyI6IjAyMDczOWEifQ%3D%3D\" href=\"https:\/\/estalagemaquinta.com\/index.php\/hotel-estalagem-a-quinta\/\"><figure class=\"swiper-slide-inner\"><img class=\"swiper-slide-image swiper-lazy\" data-src=\"https:\/\/estalagemaquinta.com\/wp-content\/uploads\/2025\/03\/4.jpg\" alt=\"4\" \/><div class=\"swiper-lazy-preloader\"><\/div><\/figure><\/a><\/div>\t\t\t<\/div>\n\t\t\t\t\t\t\t\n\t\t\t\t\t\t\t\t\t<\/div>\n\t\t\t\t\t\t<\/div>\n\t\t\t\t<\/div>\n\t\t\t\t\t<\/div>\n\t\t\t\t<\/div>\n\t\t<div class=\"elementor-element elementor-element-fb67161 e-flex e-con-boxed e-con e-parent\" data-id=\"fb67161\" data-element_type=\"container\">\n\t\t\t\t\t<div class=\"e-con-inner\">\n\t\t\t\t<div class=\"elementor-element elementor-element-88e0fbf elementor-widget-divider--view-line elementor-widget elementor-widget-divider\" data-id=\"88e0fbf\" data-element_type=\"widget\" data-widget_type=\"divider.default\">\n\t\t\t\t<div class=\"elementor-widget-container\">\n\t\t\t\t\t\t\t<div class=\"elementor-divider\">\n\t\t\t<span class=\"elementor-divider-separator\">\n\t\t\t\t\t\t<\/span>\n\t\t<\/div>\n\t\t\t\t\t\t<\/div>\n\t\t\t\t<\/div>\n\t\t\t\t<div class=\"elementor-element elementor-element-b08b6a3 elementor-widget elementor-widget-heading\" data-id=\"b08b6a3\" data-element_type=\"widget\" data-widget_type=\"heading.default\">\n\t\t\t\t<div class=\"elementor-widget-container\">\n\t\t\t\t\t<h1 class=\"elementor-heading-title elementor-size-default\">Vejam o que temos para oferecer\n<\/h1>\t\t\t\t<\/div>\n\t\t\t\t<\/div>\n\t\t\t\t<div class=\"elementor-element elementor-element-766d835 elementor-widget-divider--view-line elementor-widget elementor-widget-divider\" data-id=\"766d835\" data-element_type=\"widget\" data-widget_type=\"divider.default\">\n\t\t\t\t<div class=\"elementor-widget-container\">\n\t\t\t\t\t\t\t<div class=\"elementor-divider\">\n\t\t\t<span class=\"elementor-divider-separator\">\n\t\t\t\t\t\t<\/span>\n\t\t<\/div>\n\t\t\t\t\t\t<\/div>\n\t\t\t\t<\/div>\n\t\t\t\t\t<\/div>\n\t\t\t\t<\/div>\n\t\t<div class=\"elementor-element elementor-element-76e617c e-grid e-con-boxed e-con e-parent\" data-id=\"76e617c\" data-element_type=\"container\">\n\t\t\t\t\t<div class=\"e-con-inner\">\n\t\t\t\t<div class=\"elementor-element elementor-element-b849eec elementor-widget elementor-widget-image\" data-id=\"b849eec\" data-element_type=\"widget\" data-widget_type=\"image.default\">\n\t\t\t\t<div class=\"elementor-widget-container\">\n\t\t\t\t\t\t\t\t\t\t\t\t<figure class=\"wp-caption\">\n\t\t\t\t\t\t\t\t\t\t\t<a href=\"https:\/\/estalagemaquinta.com\/index.php\/hotel-estalagem-a-quinta\/\">\n\t\t\t\t\t\t\t<img fetchpriority=\"high\" decoding=\"async\" width=\"768\" height=\"576\" src=\"https:\/\/estalagemaquinta.com\/wp-content\/uploads\/2025\/03\/40-768x576.jpg\" class=\"attachment-medium_large size-medium_large wp-image-72\" alt=\"\" srcset=\"https:\/\/estalagemaquinta.com\/wp-content\/uploads\/2025\/03\/40-768x576.jpg 768w, https:\/\/estalagemaquinta.com\/wp-content\/uploads\/2025\/03\/40-300x225.jpg 300w, https:\/\/estalagemaquinta.com\/wp-content\/uploads\/2025\/03\/40.jpg 800w\" sizes=\"(max-width: 768px) 100vw, 768px\" \/>\t\t\t\t\t\t\t\t<\/a>\n\t\t\t\t\t\t\t\t\t\t\t<figcaption class=\"widget-image-caption wp-caption-text\"><H4><b>Hotel<\/b><\/H4>   Estalagem rural na Madeira com piscina, jardim e restaurante. Ideal para natureza e descanso, assim como passeios.<\/figcaption>\n\t\t\t\t\t\t\t\t\t\t<\/figure>\n\t\t\t\t\t\t\t\t\t<\/div>\n\t\t\t\t<\/div>\n\t\t\t\t<div class=\"elementor-element elementor-element-b772f4e elementor-widget elementor-widget-image\" data-id=\"b772f4e\" data-element_type=\"widget\" data-widget_type=\"image.default\">\n\t\t\t\t<div class=\"elementor-widget-container\">\n\t\t\t\t\t\t\t\t\t\t\t\t<figure class=\"wp-caption\">\n\t\t\t\t\t\t\t\t\t\t\t<a href=\"https:\/\/estalagemaquinta.com\/index.php\/casa-catarina\/\">\n\t\t\t\t\t\t\t<img decoding=\"async\" width=\"768\" height=\"576\" src=\"https:\/\/estalagemaquinta.com\/wp-content\/uploads\/2025\/03\/MG_9445-e1741963593319-768x576.jpg\" class=\"attachment-medium_large size-medium_large wp-image-73\" alt=\"\" srcset=\"https:\/\/estalagemaquinta.com\/wp-content\/uploads\/2025\/03\/MG_9445-e1741963593319-768x576.jpg 768w, https:\/\/estalagemaquinta.com\/wp-content\/uploads\/2025\/03\/MG_9445-e1741963593319-300x225.jpg 300w, https:\/\/estalagemaquinta.com\/wp-content\/uploads\/2025\/03\/MG_9445-e1741963593319.jpg 800w\" sizes=\"(max-width: 768px) 100vw, 768px\" \/>\t\t\t\t\t\t\t\t<\/a>\n\t\t\t\t\t\t\t\t\t\t\t<figcaption class=\"widget-image-caption wp-caption-text\"><H4><b>Casa Catarina<\/b><\/H4>   Casa r\u00fastica com varanda e vistas para a montanha. Ideal para relaxar na Madeira. Venha Descobrir.<\/figcaption>\n\t\t\t\t\t\t\t\t\t\t<\/figure>\n\t\t\t\t\t\t\t\t\t<\/div>\n\t\t\t\t<\/div>\n\t\t\t\t<div class=\"elementor-element elementor-element-425e53a elementor-widget elementor-widget-image\" data-id=\"425e53a\" data-element_type=\"widget\" data-widget_type=\"image.default\">\n\t\t\t\t<div class=\"elementor-widget-container\">\n\t\t\t\t\t\t\t\t\t\t\t\t<figure class=\"wp-caption\">\n\t\t\t\t\t\t\t\t\t\t\t<a href=\"https:\/\/estalagemaquinta.com\/index.php\/casa-cristina\/\">\n\t\t\t\t\t\t\t<img loading=\"lazy\" decoding=\"async\" width=\"800\" height=\"600\" src=\"https:\/\/estalagemaquinta.com\/wp-content\/uploads\/2025\/03\/MG_94371-e1741964010748.jpg\" class=\"attachment-1536x1536 size-1536x1536 wp-image-243\" alt=\"\" srcset=\"https:\/\/estalagemaquinta.com\/wp-content\/uploads\/2025\/03\/MG_94371-e1741964010748.jpg 800w, https:\/\/estalagemaquinta.com\/wp-content\/uploads\/2025\/03\/MG_94371-e1741964010748-300x225.jpg 300w, https:\/\/estalagemaquinta.com\/wp-content\/uploads\/2025\/03\/MG_94371-e1741964010748-768x576.jpg 768w\" sizes=\"(max-width: 800px) 100vw, 800px\" \/>\t\t\t\t\t\t\t\t<\/a>\n\t\t\t\t\t\t\t\t\t\t\t<figcaption class=\"widget-image-caption wp-caption-text\"> <H4><b>Casa Cristina<\/b><\/H4>   Alojamento acolhedor com ar condicionado, perto de Santana e do Funchal. Venha descobrir as lindas redondezas com a nossa ajuda.<\/figcaption>\n\t\t\t\t\t\t\t\t\t\t<\/figure>\n\t\t\t\t\t\t\t\t\t<\/div>\n\t\t\t\t<\/div>\n\t\t\t\t<div class=\"elementor-element elementor-element-1c08c19 elementor-widget elementor-widget-image\" data-id=\"1c08c19\" data-element_type=\"widget\" data-widget_type=\"image.default\">\n\t\t\t\t<div class=\"elementor-widget-container\">\n\t\t\t\t\t\t\t\t\t\t\t\t<figure class=\"wp-caption\">\n\t\t\t\t\t\t\t\t\t\t\t<a href=\"https:\/\/estalagemaquinta.com\/index.php\/al-porto-santo\/\">\n\t\t\t\t\t\t\t<img loading=\"lazy\" decoding=\"async\" width=\"768\" height=\"576\" src=\"https:\/\/estalagemaquinta.com\/wp-content\/uploads\/2025\/03\/DSC08381-768x576.jpeg\" class=\"attachment-medium_large size-medium_large wp-image-75\" alt=\"\" srcset=\"https:\/\/estalagemaquinta.com\/wp-content\/uploads\/2025\/03\/DSC08381-768x576.jpeg 768w, https:\/\/estalagemaquinta.com\/wp-content\/uploads\/2025\/03\/DSC08381-300x225.jpeg 300w, https:\/\/estalagemaquinta.com\/wp-content\/uploads\/2025\/03\/DSC08381.jpeg 800w\" sizes=\"(max-width: 768px) 100vw, 768px\" \/>\t\t\t\t\t\t\t\t<\/a>\n\t\t\t\t\t\t\t\t\t\t\t<figcaption class=\"widget-image-caption wp-caption-text\"> <H4><b>Apartamento<\/b><\/H4>   Alojamento confort\u00e1vel perto da praia, ideal para f\u00e9rias relaxantes na ilha dourada. Venha Descobrir connosco.<\/figcaption>\n\t\t\t\t\t\t\t\t\t\t<\/figure>\n\t\t\t\t\t\t\t\t\t<\/div>\n\t\t\t\t<\/div>\n\t\t\t\t<div class=\"elementor-element elementor-element-e7a89f5 elementor-widget elementor-widget-image\" data-id=\"e7a89f5\" data-element_type=\"widget\" data-widget_type=\"image.default\">\n\t\t\t\t<div class=\"elementor-widget-container\">\n\t\t\t\t\t\t\t\t\t\t\t\t<figure class=\"wp-caption\">\n\t\t\t\t\t\t\t\t\t\t\t<a href=\"https:\/\/estalagemaquinta.com\/index.php\/restaurante\/\">\n\t\t\t\t\t\t\t<img loading=\"lazy\" decoding=\"async\" width=\"768\" height=\"576\" src=\"https:\/\/estalagemaquinta.com\/wp-content\/uploads\/2025\/03\/DSC03656-768x576.jpg\" class=\"attachment-medium_large size-medium_large wp-image-347\" alt=\"\" srcset=\"https:\/\/estalagemaquinta.com\/wp-content\/uploads\/2025\/03\/DSC03656-768x576.jpg 768w, https:\/\/estalagemaquinta.com\/wp-content\/uploads\/2025\/03\/DSC03656-300x225.jpg 300w, https:\/\/estalagemaquinta.com\/wp-content\/uploads\/2025\/03\/DSC03656.jpg 800w\" sizes=\"(max-width: 768px) 100vw, 768px\" \/>\t\t\t\t\t\t\t\t<\/a>\n\t\t\t\t\t\t\t\t\t\t\t<figcaption class=\"widget-image-caption wp-caption-text\"> <H4><b>Restaurante<\/b><\/H4>  Cozinha tradicional madeirense num ambiente acolhedor, rodeado pela natureza. Reserve J\u00e1 a sua mesa.<\/figcaption>\n\t\t\t\t\t\t\t\t\t\t<\/figure>\n\t\t\t\t\t\t\t\t\t<\/div>\n\t\t\t\t<\/div>\n\t\t\t\t<div class=\"elementor-element elementor-element-8185dcf elementor-widget elementor-widget-image\" data-id=\"8185dcf\" data-element_type=\"widget\" data-widget_type=\"image.default\">\n\t\t\t\t<div class=\"elementor-widget-container\">\n\t\t\t\t\t\t\t\t\t\t\t\t<figure class=\"wp-caption\">\n\t\t\t\t\t\t\t\t\t\t\t<a href=\"https:\/\/estalagemaquinta.com\/index.php\/madeira-e-porto-santo-dois-paraisos-uma-so-experiencia\/\">\n\t\t\t\t\t\t\t<img loading=\"lazy\" decoding=\"async\" width=\"768\" height=\"576\" src=\"https:\/\/estalagemaquinta.com\/wp-content\/uploads\/2025\/03\/71-768x576.jpg\" class=\"attachment-medium_large size-medium_large wp-image-77\" alt=\"\" srcset=\"https:\/\/estalagemaquinta.com\/wp-content\/uploads\/2025\/03\/71-768x576.jpg 768w, https:\/\/estalagemaquinta.com\/wp-content\/uploads\/2025\/03\/71-300x225.jpg 300w, https:\/\/estalagemaquinta.com\/wp-content\/uploads\/2025\/03\/71.jpg 800w\" sizes=\"(max-width: 768px) 100vw, 768px\" \/>\t\t\t\t\t\t\t\t<\/a>\n\t\t\t\t\t\t\t\t\t\t\t<figcaption class=\"widget-image-caption wp-caption-text\"> <H4><b>Conhecer as Ilhas<\/b><\/H4>  Deseja conhecer melhor as Ilhas? <br> Veja a nossa breve descri\u00e7\u00e3o aqui. Junte-se a N\u00f3s numa aventura.<\/figcaption>\n\t\t\t\t\t\t\t\t\t\t<\/figure>\n\t\t\t\t\t\t\t\t\t<\/div>\n\t\t\t\t<\/div>\n\t\t\t\t\t<\/div>\n\t\t\t\t<\/div>\n\t\t<div class=\"elementor-element elementor-element-fedcc1d e-flex e-con-boxed e-con e-parent\" data-id=\"fedcc1d\" data-element_type=\"container\">\n\t\t\t\t\t<div class=\"e-con-inner\">\n\t\t\t\t<div class=\"elementor-element elementor-element-30d0389 elementor-widget-divider--view-line elementor-widget elementor-widget-divider\" data-id=\"30d0389\" data-element_type=\"widget\" data-widget_type=\"divider.default\">\n\t\t\t\t<div class=\"elementor-widget-container\">\n\t\t\t\t\t\t\t<div class=\"elementor-divider\">\n\t\t\t<span class=\"elementor-divider-separator\">\n\t\t\t\t\t\t<\/span>\n\t\t<\/div>\n\t\t\t\t\t\t<\/div>\n\t\t\t\t<\/div>\n\t\t\t\t\t<\/div>\n\t\t\t\t<\/div>\n\t\t<div class=\"elementor-element elementor-element-254421a e-flex e-con-boxed e-con e-parent\" data-id=\"254421a\" data-element_type=\"container\" data-settings=\"{&quot;background_background&quot;:&quot;classic&quot;}\">\n\t\t\t\t\t<div class=\"e-con-inner\">\n\t\t\t\t<div class=\"elementor-element elementor-element-402b7c1 elementor-widget elementor-widget-text-editor\" data-id=\"402b7c1\" data-element_type=\"widget\" data-widget_type=\"text-editor.default\">\n\t\t\t\t<div class=\"elementor-widget-container\">\n\t\t\t\t\t\t\t\t\t<p><br \/><a href=\"https:\/\/www.livroreclamacoes.pt\/Inicio\/\">Livro de Reclama\u00e7\u00f5es<\/a><\/p><p>\u00a0<\/p>\t\t\t\t\t\t\t\t<\/div>\n\t\t\t\t<\/div>\n\t\t\t\t\t<\/div>\n\t\t\t\t<\/div>\n\t\t\t\t<\/div>\n\t\t","protected":false},"excerpt":{"rendered":"<p>Vejam o que temos para oferecer Hotel Estalagem rural na Madeira com piscina, jardim e restaurante. Ideal para natureza e descanso, assim como passeios. Casa Catarina Casa r\u00fastica com varanda e vistas para a montanha. Ideal para relaxar na Madeira. Venha Descobrir. Casa Cristina Alojamento acolhedor com ar condicionado, perto de Santana e do Funchal. [&hellip;]<\/p>\n","protected":false},"author":1,"featured_media":0,"parent":0,"menu_order":0,"comment_status":"closed","ping_status":"closed","template":"elementor_canvas","meta":{"footnotes":""},"class_list":["post-403","page","type-page","status-publish","hentry"],"_links":{"self":[{"href":"https:\/\/estalagemaquinta.com\/index.php\/wp-json\/wp\/v2\/pages\/403","targetHints":{"allow":["GET"]}}],"collection":[{"href":"https:\/\/estalagemaquinta.com\/index.php\/wp-json\/wp\/v2\/pages"}],"about":[{"href":"https:\/\/estalagemaquinta.com\/index.php\/wp-json\/wp\/v2\/types\/page"}],"author":[{"embeddable":true,"href":"https:\/\/estalagemaquinta.com\/index.php\/wp-json\/wp\/v2\/users\/1"}],"replies":[{"embeddable":true,"href":"https:\/\/estalagemaquinta.com\/index.php\/wp-json\/wp\/v2\/comments?post=403"}],"version-history":[{"count":73,"href":"https:\/\/estalagemaquinta.com\/index.php\/wp-json\/wp\/v2\/pages\/403\/revisions"}],"predecessor-version":[{"id":516,"href":"https:\/\/estalagemaquinta.com\/index.php\/wp-json\/wp\/v2\/pages\/403\/revisions\/516"}],"wp:attachment":[{"href":"https:\/\/estalagemaquinta.com\/index.php\/wp-json\/wp\/v2\/media?parent=403"}],"curies":[{"name":"wp","href":"https:\/\/api.w.org\/{rel}","templated":true}]}}